{"id":1355,"date":"2025-01-30T09:00:46","date_gmt":"2025-01-30T08:00:46","guid":{"rendered":"https:\/\/parisortho.fr\/informacion-legal\/"},"modified":"2025-03-18T21:07:08","modified_gmt":"2025-03-18T20:07:08","slug":"informacion-legal","status":"publish","type":"page","link":"https:\/\/parisortho.fr\/es\/informacion-legal\/","title":{"rendered":"Informaci\u00f3n legal"},"content":{"rendered":"\n<p>La consulta de este sitio web implica la aceptaci\u00f3n plena y sin reservas de los siguientes avisos.<\/p>\n\n<p>El sitio web <a href=\"https:\/\/parisortho.fr\/es\/\">https:\/\/parisortho.fr\/<\/a> es propiedad del Dr. Gabriel Bendahan, cirujano dentista inscrito en el directorio compartido de profesionales sanitarios (RPPS) con el n\u00famero: 10003527990.  <\/p>\n\n<h2 class=\"wp-block-heading\">Sede central<\/h2>\n\n<p>Consulta de ortodoncia del Dr. Gabriel Bendahan<\/p>\n\n<p>174 Boulevard PEREIRE<\/p>\n\n<p>75017 PAR\u00cdS<\/p>\n\n<p>Tel\u00e9fono: +33 1 40 67 18 67<\/p>\n\n<h2 class=\"wp-block-heading\">Desarrollo del sitio web<\/h2>\n\n<p>El sitio est\u00e1 desarrollado y mantenido por Mediweb.<\/p>\n\n<p>Mediweb<\/p>\n\n<p>13, rue de Lattre de Tassigny<\/p>\n\n<p>67300 Schiltigheim<\/p>\n\n<p><a href=\"https:\/\/mediweb.fr\/\" target=\"_blank\" rel=\"noreferrer noopener nofollow\">www.mediweb.fr<\/a><\/p>\n\n<h2 class=\"wp-block-heading\">Alojamiento web<\/h2>\n\n<p>El sitio web <a href=\"https:\/\/parisortho.fr\/es\/\">https:\/\/parisortho.fr\/<\/a> est\u00e1 alojado en :<\/p>\n\n<p>Hetzner Online GmbH<\/p>\n\n<p>Industriestr. 25 <\/p>\n\n<p>91710 Gunzenhausen<\/p>\n\n<p>Alemania<\/p>\n\n<h2 class=\"wp-block-heading\">Editor del sitio<\/h2>\n\n<p>El contenido del sitio web <a href=\"https:\/\/parisortho.fr\/es\/\">https:\/\/parisortho.fr\/<\/a> est\u00e1 editado por el Dr. Gabriel Bendahan, que act\u00faa como Director de Publicaciones.<\/p>\n\n<h2 class=\"wp-block-heading\">Propiedad intelectual<\/h2>\n\n<p>El Dr. Gabriel Bendahan es el propietario de la estructura y de todo el contenido disponible en el sitio web <a href=\"https:\/\/parisortho.fr\/?page_id=1202\">https:\/\/parisortho.fr\/ <\/a>: textos, im\u00e1genes, ilustraciones, logotipos, archivos y bases de datos. Cualquier reproducci\u00f3n o distribuci\u00f3n, total o parcial, sin autorizaci\u00f3n previa est\u00e1 estrictamente prohibida. <\/p>\n\n<h2 class=\"wp-block-heading\">Enlaces<\/h2>\n\n<p>Orden Nacional de Cirujanos Dentistas (ONCD): <a href=\"http:\/\/www.ordre-chirurgiens-dentistes.fr\" target=\"_blank\" rel=\"noreferrer noopener nofollow\">www.ordre-chirurgiens-dentistes.fr<\/a><\/p>\n","protected":false},"excerpt":{"rendered":"<p>La consulta de este sitio web implica la aceptaci\u00f3n plena y sin reservas de los siguientes avisos. El sitio web https:\/\/parisortho.fr\/ es propiedad del Dr. Gabriel Bendahan, cirujano dentista inscrito en el directorio compartido de profesionales sanitarios (RPPS) con el n\u00famero: 10003527990. Sede central Consulta de ortodoncia del Dr. Gabriel Bendahan 174 Boulevard PEREIRE 75017<\/p>\n","protected":false},"author":1,"featured_media":1154,"parent":0,"menu_order":0,"comment_status":"closed","ping_status":"closed","template":"","meta":{"_acf_changed":false,"footnotes":""},"class_list":["post-1355","page","type-page","status-publish","has-post-thumbnail","hentry"],"acf":[],"yoast_head":"<!-- This site is optimized with the Yoast SEO plugin v24.4 - https:\/\/yoast.com\/wordpress\/plugins\/seo\/ -->\n<title>Menciones legales | Dr Bendahan | Ortodoncista Par\u00eds 17<\/title>\n<meta name=\"description\" content=\"Encuentra toda la informaci\u00f3n legal sobre la consulta del Dr. Gabriel Bendahan, garantizando transparencia y cumplimiento a nuestros pacientes.\" \/>\n<meta name=\"robots\" content=\"noindex, follow\" \/>\n<meta property=\"og:locale\" content=\"es_ES\" \/>\n<meta property=\"og:type\" content=\"article\" \/>\n<meta property=\"og:title\" content=\"Menciones legales | Dr Bendahan | Ortodoncista Par\u00eds 17\" \/>\n<meta property=\"og:description\" content=\"Encuentra toda la informaci\u00f3n legal sobre la consulta del Dr. Gabriel Bendahan, garantizando transparencia y cumplimiento a nuestros pacientes.\" \/>\n<meta property=\"og:url\" content=\"https:\/\/parisortho.fr\/es\/informacion-legal\/\" \/>\n<meta property=\"og:site_name\" content=\"Dr Bendahan | Orthodontiste Paris 17\" \/>\n<meta property=\"article:modified_time\" content=\"2025-03-18T20:07:08+00:00\" \/>\n<meta property=\"og:image\" content=\"https:\/\/parisortho.fr\/wp-content\/uploads\/2025\/01\/bendahan-orthodontiste-paris-17-prendre-rdv.webp\" \/>\n\t<meta property=\"og:image:width\" content=\"2340\" \/>\n\t<meta property=\"og:image:height\" content=\"1280\" \/>\n\t<meta property=\"og:image:type\" content=\"image\/webp\" \/>\n<meta name=\"twitter:card\" content=\"summary_large_image\" \/>\n<meta name=\"twitter:label1\" content=\"Tiempo de lectura\" \/>\n\t<meta name=\"twitter:data1\" content=\"2 minutos\" \/>\n<script type=\"application\/ld+json\" class=\"yoast-schema-graph\">{\"@context\":\"https:\/\/schema.org\",\"@graph\":[{\"@type\":\"WebPage\",\"@id\":\"https:\/\/parisortho.fr\/es\/informacion-legal\/\",\"url\":\"https:\/\/parisortho.fr\/es\/informacion-legal\/\",\"name\":\"Menciones legales | Dr Bendahan | Ortodoncista Par\u00eds 17\",\"isPartOf\":{\"@id\":\"https:\/\/parisortho.fr\/es\/#website\"},\"primaryImageOfPage\":{\"@id\":\"https:\/\/parisortho.fr\/es\/informacion-legal\/#primaryimage\"},\"image\":{\"@id\":\"https:\/\/parisortho.fr\/es\/informacion-legal\/#primaryimage\"},\"thumbnailUrl\":\"https:\/\/parisortho.fr\/wp-content\/uploads\/2025\/01\/bendahan-orthodontiste-paris-17-prendre-rdv.webp\",\"datePublished\":\"2025-01-30T08:00:46+00:00\",\"dateModified\":\"2025-03-18T20:07:08+00:00\",\"description\":\"Encuentra toda la informaci\u00f3n legal sobre la consulta del Dr. Gabriel Bendahan, garantizando transparencia y cumplimiento a nuestros pacientes.\",\"breadcrumb\":{\"@id\":\"https:\/\/parisortho.fr\/es\/informacion-legal\/#breadcrumb\"},\"inLanguage\":\"es\",\"potentialAction\":[{\"@type\":\"ReadAction\",\"target\":[\"https:\/\/parisortho.fr\/es\/informacion-legal\/\"]}]},{\"@type\":\"ImageObject\",\"inLanguage\":\"es\",\"@id\":\"https:\/\/parisortho.fr\/es\/informacion-legal\/#primaryimage\",\"url\":\"https:\/\/parisortho.fr\/wp-content\/uploads\/2025\/01\/bendahan-orthodontiste-paris-17-prendre-rdv.webp\",\"contentUrl\":\"https:\/\/parisortho.fr\/wp-content\/uploads\/2025\/01\/bendahan-orthodontiste-paris-17-prendre-rdv.webp\",\"width\":2340,\"height\":1280},{\"@type\":\"BreadcrumbList\",\"@id\":\"https:\/\/parisortho.fr\/es\/informacion-legal\/#breadcrumb\",\"itemListElement\":[{\"@type\":\"ListItem\",\"position\":1,\"name\":\"Home\",\"item\":\"https:\/\/parisortho.fr\/es\/\"},{\"@type\":\"ListItem\",\"position\":2,\"name\":\"Informaci\u00f3n legal\"}]},{\"@type\":\"WebSite\",\"@id\":\"https:\/\/parisortho.fr\/es\/#website\",\"url\":\"https:\/\/parisortho.fr\/es\/\",\"name\":\"Dr Bendahan | Orthodontiste Paris 17\",\"description\":\"Cabinet d\u2019orthodontie du Dr Gabriel Bendahan Orthodontiste \u00e0 Paris 17\",\"potentialAction\":[{\"@type\":\"SearchAction\",\"target\":{\"@type\":\"EntryPoint\",\"urlTemplate\":\"https:\/\/parisortho.fr\/es\/?s={search_term_string}\"},\"query-input\":{\"@type\":\"PropertyValueSpecification\",\"valueRequired\":true,\"valueName\":\"search_term_string\"}}],\"inLanguage\":\"es\"}]}<\/script>\n<!-- \/ Yoast SEO plugin. -->","yoast_head_json":{"title":"Menciones legales | Dr Bendahan | Ortodoncista Par\u00eds 17","description":"Encuentra toda la informaci\u00f3n legal sobre la consulta del Dr. Gabriel Bendahan, garantizando transparencia y cumplimiento a nuestros pacientes.","robots":{"index":"noindex","follow":"follow"},"og_locale":"es_ES","og_type":"article","og_title":"Menciones legales | Dr Bendahan | Ortodoncista Par\u00eds 17","og_description":"Encuentra toda la informaci\u00f3n legal sobre la consulta del Dr. Gabriel Bendahan, garantizando transparencia y cumplimiento a nuestros pacientes.","og_url":"https:\/\/parisortho.fr\/es\/informacion-legal\/","og_site_name":"Dr Bendahan | Orthodontiste Paris 17","article_modified_time":"2025-03-18T20:07:08+00:00","og_image":[{"width":2340,"height":1280,"url":"https:\/\/parisortho.fr\/wp-content\/uploads\/2025\/01\/bendahan-orthodontiste-paris-17-prendre-rdv.webp","type":"image\/webp"}],"twitter_card":"summary_large_image","twitter_misc":{"Tiempo de lectura":"2 minutos"},"schema":{"@context":"https:\/\/schema.org","@graph":[{"@type":"WebPage","@id":"https:\/\/parisortho.fr\/es\/informacion-legal\/","url":"https:\/\/parisortho.fr\/es\/informacion-legal\/","name":"Menciones legales | Dr Bendahan | Ortodoncista Par\u00eds 17","isPartOf":{"@id":"https:\/\/parisortho.fr\/es\/#website"},"primaryImageOfPage":{"@id":"https:\/\/parisortho.fr\/es\/informacion-legal\/#primaryimage"},"image":{"@id":"https:\/\/parisortho.fr\/es\/informacion-legal\/#primaryimage"},"thumbnailUrl":"https:\/\/parisortho.fr\/wp-content\/uploads\/2025\/01\/bendahan-orthodontiste-paris-17-prendre-rdv.webp","datePublished":"2025-01-30T08:00:46+00:00","dateModified":"2025-03-18T20:07:08+00:00","description":"Encuentra toda la informaci\u00f3n legal sobre la consulta del Dr. Gabriel Bendahan, garantizando transparencia y cumplimiento a nuestros pacientes.","breadcrumb":{"@id":"https:\/\/parisortho.fr\/es\/informacion-legal\/#breadcrumb"},"inLanguage":"es","potentialAction":[{"@type":"ReadAction","target":["https:\/\/parisortho.fr\/es\/informacion-legal\/"]}]},{"@type":"ImageObject","inLanguage":"es","@id":"https:\/\/parisortho.fr\/es\/informacion-legal\/#primaryimage","url":"https:\/\/parisortho.fr\/wp-content\/uploads\/2025\/01\/bendahan-orthodontiste-paris-17-prendre-rdv.webp","contentUrl":"https:\/\/parisortho.fr\/wp-content\/uploads\/2025\/01\/bendahan-orthodontiste-paris-17-prendre-rdv.webp","width":2340,"height":1280},{"@type":"BreadcrumbList","@id":"https:\/\/parisortho.fr\/es\/informacion-legal\/#breadcrumb","itemListElement":[{"@type":"ListItem","position":1,"name":"Home","item":"https:\/\/parisortho.fr\/es\/"},{"@type":"ListItem","position":2,"name":"Informaci\u00f3n legal"}]},{"@type":"WebSite","@id":"https:\/\/parisortho.fr\/es\/#website","url":"https:\/\/parisortho.fr\/es\/","name":"Dr Bendahan | Orthodontiste Paris 17","description":"Cabinet d\u2019orthodontie du Dr Gabriel Bendahan Orthodontiste \u00e0 Paris 17","potentialAction":[{"@type":"SearchAction","target":{"@type":"EntryPoint","urlTemplate":"https:\/\/parisortho.fr\/es\/?s={search_term_string}"},"query-input":{"@type":"PropertyValueSpecification","valueRequired":true,"valueName":"search_term_string"}}],"inLanguage":"es"}]}},"_links":{"self":[{"href":"https:\/\/parisortho.fr\/es\/wp-json\/wp\/v2\/pages\/1355","targetHints":{"allow":["GET"]}}],"collection":[{"href":"https:\/\/parisortho.fr\/es\/wp-json\/wp\/v2\/pages"}],"about":[{"href":"https:\/\/parisortho.fr\/es\/wp-json\/wp\/v2\/types\/page"}],"author":[{"embeddable":true,"href":"https:\/\/parisortho.fr\/es\/wp-json\/wp\/v2\/users\/1"}],"replies":[{"embeddable":true,"href":"https:\/\/parisortho.fr\/es\/wp-json\/wp\/v2\/comments?post=1355"}],"version-history":[{"count":1,"href":"https:\/\/parisortho.fr\/es\/wp-json\/wp\/v2\/pages\/1355\/revisions"}],"predecessor-version":[{"id":1356,"href":"https:\/\/parisortho.fr\/es\/wp-json\/wp\/v2\/pages\/1355\/revisions\/1356"}],"wp:featuredmedia":[{"embeddable":true,"href":"https:\/\/parisortho.fr\/es\/wp-json\/wp\/v2\/media\/1154"}],"wp:attachment":[{"href":"https:\/\/parisortho.fr\/es\/wp-json\/wp\/v2\/media?parent=1355"}],"curies":[{"name":"wp","href":"https:\/\/api.w.org\/{rel}","templated":true}]}}