{"id":1351,"date":"2025-01-31T08:38:57","date_gmt":"2025-01-31T07:38:57","guid":{"rendered":"https:\/\/parisortho.fr\/via-asistencial\/"},"modified":"2025-03-18T21:07:41","modified_gmt":"2025-03-18T20:07:41","slug":"via-asistencial","status":"publish","type":"page","link":"https:\/\/parisortho.fr\/es\/via-asistencial\/","title":{"rendered":"V\u00eda asistencial"},"content":{"rendered":"\n<p>El tratamiento ortod\u00f3ncico sigue un proceso estructurado en varias fases, dise\u00f1ado para corregir la alineaci\u00f3n de los dientes y la oclusi\u00f3n. Comienza con una evaluaci\u00f3n exhaustiva y termina con una fase de retenci\u00f3n para estabilizar los resultados. A continuaci\u00f3n se detallan las fases del tratamiento de ortodoncia.  <\/p>\n\n<h2 class=\"wp-block-heading\">Consulta inicial: evaluaci\u00f3n y diagn\u00f3stico iniciales<\/h2>\n\n<p>Esta primera etapa es esencial para evaluar la necesidad de un tratamiento de ortodoncia y orientar al paciente hacia la mejor soluci\u00f3n.<\/p>\n\n<div class=\"wp-block-columns are-vertically-aligned-center is-layout-flex wp-container-core-columns-is-layout-9d6595d7 wp-block-columns-is-layout-flex\">\n<div class=\"wp-block-column is-vertically-aligned-center is-layout-flow wp-block-column-is-layout-flow\">\n<h3 class=\"wp-block-heading\">Procedimiento de consulta<\/h3>\n\n\n\n<ul class=\"wp-block-list\">\n<li>Examen cl\u00ednico de la dentici\u00f3n, el crecimiento facial y la oclusi\u00f3n.<\/li>\n\n\n\n<li>Debate sobre las expectativas del paciente y explicaci\u00f3n de las distintas opciones de tratamiento.<\/li>\n\n\n\n<li>Identificaci\u00f3n de cualquier problema funcional (degluci\u00f3n at\u00edpica, respiraci\u00f3n bucal, succi\u00f3n del pulgar, etc.).<\/li>\n\n\n\n<li>Si es necesario, derivaci\u00f3n a otros especialistas (otorrinolaring\u00f3logo, cirujano dental, logopeda).<\/li>\n<\/ul>\n<\/div>\n\n\n\n<div class=\"wp-block-column is-vertically-aligned-center is-layout-flow wp-block-column-is-layout-flow\">\n<figure class=\"wp-block-image size-full\"><img loading=\"lazy\" decoding=\"async\" width=\"900\" height=\"560\" src=\"https:\/\/parisortho.fr\/wp-content\/uploads\/2025\/01\/consultation-bendahan-orthodontiste-paris-17.webp\" alt=\"\" class=\"wp-image-1300\" srcset=\"https:\/\/parisortho.fr\/wp-content\/uploads\/2025\/01\/consultation-bendahan-orthodontiste-paris-17.webp 900w, https:\/\/parisortho.fr\/wp-content\/uploads\/2025\/01\/consultation-bendahan-orthodontiste-paris-17-300x187.webp 300w, https:\/\/parisortho.fr\/wp-content\/uploads\/2025\/01\/consultation-bendahan-orthodontiste-paris-17-768x478.webp 768w\" sizes=\"auto, (max-width: 900px) 100vw, 900px\" \/><\/figure>\n<\/div>\n<\/div>\n\n<h2 class=\"wp-block-heading\">Revisi\u00f3n ortod\u00f3ncica: ex\u00e1menes adicionales y plan de tratamiento<\/h2>\n\n<p>Una vez confirmada la necesidad, se realiza una evaluaci\u00f3n completa para establecer un diagn\u00f3stico preciso y un plan de tratamiento personalizado.<\/p>\n\n<h3 class=\"wp-block-heading\">Ex\u00e1menes realizados<\/h3>\n\n<ul class=\"wp-block-list\">\n<li>Radiograf\u00edas: panor\u00e1mica dental y telerradiograf\u00eda de perfil para analizar las estructuras \u00f3seas y dentales.<\/li>\n\n\n\n<li>Fotograf\u00edas intraorales y extraorales: para evaluar la est\u00e9tica y la armon\u00eda del rostro.<\/li>\n\n\n\n<li>Impresiones dentales: se toman de forma digital o f\u00edsica para modelar la arcada dental.<\/li>\n\n\n\n<li>An\u00e1lisis cefalom\u00e9trico: estudio de la relaci\u00f3n entre las estructuras \u00f3seas y dentales.<\/li>\n<\/ul>\n\n<h3 class=\"wp-block-heading\">Elaborar un plan de tratamiento<\/h3>\n\n<ul class=\"wp-block-list\">\n<li>Definici\u00f3n de la t\u00e9cnica de ortodoncia adecuada (aparatos met\u00e1licos, aparatos cer\u00e1micos, alineadores invisibles, alineadores funcionales, etc.).<\/li>\n\n\n\n<li>Duraci\u00f3n estimada del tratamiento.<\/li>\n\n\n\n<li>Explicaci\u00f3n de las limitaciones (higiene, dieta, citas regulares).<\/li>\n\n\n\n<li>Presentaci\u00f3n del presupuesto e informaci\u00f3n sobre las condiciones de reembolso.<\/li>\n<\/ul>\n\n<h2 class=\"wp-block-heading\">Preparaci\u00f3n del tratamiento: colocaci\u00f3n del aparato<\/h2>\n\n<p>El tratamiento comienza con la colocaci\u00f3n del aparato de ortodoncia elegido en funci\u00f3n del diagn\u00f3stico y los objetivos terap\u00e9uticos.<\/p>\n\n<h3 class=\"wp-block-heading\">Tipos de equipos utilizados<\/h3>\n\n<div class=\"wp-block-columns are-vertically-aligned-center is-layout-flex wp-container-core-columns-is-layout-9d6595d7 wp-block-columns-is-layout-flex\">\n<div class=\"wp-block-column is-vertically-aligned-center is-layout-flow wp-block-column-is-layout-flow\">\n<ul class=\"wp-block-list\">\n<li>Aparatos fijos (multienganches met\u00e1licos o cer\u00e1micos): permiten un control preciso del movimiento de los dientes.<\/li>\n\n\n\n<li>Alineadores invisibles: alineadores transparentes extra\u00edbles, c\u00f3modos y discretos.<\/li>\n\n\n\n<li>Aparatos funcionales: se utilizan sobre todo en ni\u00f1os en crecimiento para corregir desalineaciones mandibulares.<\/li>\n\n\n\n<li>Dispositivos de expansi\u00f3n palatina: ensanchan el paladar para corregir el api\u00f1amiento dental.<\/li>\n<\/ul>\n<\/div>\n\n\n\n<div class=\"wp-block-column is-vertically-aligned-center is-layout-flow wp-block-column-is-layout-flow\">\n<figure class=\"wp-block-image size-full\"><img loading=\"lazy\" decoding=\"async\" width=\"900\" height=\"560\" src=\"https:\/\/parisortho.fr\/wp-content\/uploads\/2025\/01\/pose-appareil-orthodontiste-paris-17.webp\" alt=\"\" class=\"wp-image-1304\" srcset=\"https:\/\/parisortho.fr\/wp-content\/uploads\/2025\/01\/pose-appareil-orthodontiste-paris-17.webp 900w, https:\/\/parisortho.fr\/wp-content\/uploads\/2025\/01\/pose-appareil-orthodontiste-paris-17-300x187.webp 300w, https:\/\/parisortho.fr\/wp-content\/uploads\/2025\/01\/pose-appareil-orthodontiste-paris-17-768x478.webp 768w\" sizes=\"auto, (max-width: 900px) 100vw, 900px\" \/><\/figure>\n<\/div>\n<\/div>\n\n<h3 class=\"wp-block-heading\">Procedimiento de instalaci\u00f3n<\/h3>\n\n<ul class=\"wp-block-list\">\n<li>Limpieza y preparaci\u00f3n de los dientes.<\/li>\n\n\n\n<li>Pegar las fijaciones o instalar el aparato.<\/li>\n\n\n\n<li>Explicaci\u00f3n de las normas de higiene bucodental.<\/li>\n\n\n\n<li>Consejos sobre la dieta y precauciones a tomar (evitar alimentos duros o pegajosos, adaptar el cepillado).<\/li>\n<\/ul>\n\n<h2 class=\"wp-block-heading\">Seguimiento regular: ajustes y control del progreso<\/h2>\n\n<p>Una vez colocado el dispositivo, se programan revisiones cada 4 a 8 semanas.<\/p>\n\n<div class=\"wp-block-columns are-vertically-aligned-center is-layout-flex wp-container-core-columns-is-layout-9d6595d7 wp-block-columns-is-layout-flex\">\n<div class=\"wp-block-column is-vertically-aligned-center is-layout-flow wp-block-column-is-layout-flow\">\n<figure class=\"wp-block-image size-full\"><img loading=\"lazy\" decoding=\"async\" width=\"900\" height=\"560\" src=\"https:\/\/parisortho.fr\/wp-content\/uploads\/2025\/01\/ajustement-aligneurs-bendahan-paris.webp\" alt=\"\" class=\"wp-image-1311\" srcset=\"https:\/\/parisortho.fr\/wp-content\/uploads\/2025\/01\/ajustement-aligneurs-bendahan-paris.webp 900w, https:\/\/parisortho.fr\/wp-content\/uploads\/2025\/01\/ajustement-aligneurs-bendahan-paris-300x187.webp 300w, https:\/\/parisortho.fr\/wp-content\/uploads\/2025\/01\/ajustement-aligneurs-bendahan-paris-768x478.webp 768w\" sizes=\"auto, (max-width: 900px) 100vw, 900px\" \/><\/figure>\n<\/div>\n\n\n\n<div class=\"wp-block-column is-vertically-aligned-center is-layout-flow wp-block-column-is-layout-flow\">\n<h3 class=\"wp-block-heading\">Objetivos de las consultas de seguimiento<\/h3>\n\n\n\n<ul class=\"wp-block-list\">\n<li>Ajuste de alambres, arcos o el\u00e1sticos para optimizar el movimiento de los dientes.<\/li>\n\n\n\n<li>Supervisar el progreso de la correcci\u00f3n y ajustar el tratamiento si es necesario.<\/li>\n\n\n\n<li>Evaluaci\u00f3n de la salud bucodental (enc\u00edas, higiene, estado de los dientes).<\/li>\n\n\n\n<li>Reparaci\u00f3n de cualquier deslaminaci\u00f3n o da\u00f1o en el aparato.<\/li>\n<\/ul>\n\n\n\n<p>Un buen seguimiento es crucial para garantizar la eficacia del tratamiento y evitar cualquier retraso en los resultados esperados.<\/p>\n<\/div>\n<\/div>\n\n<h2 class=\"wp-block-heading\">Fase de contenci\u00f3n: estabilizaci\u00f3n de los resultados<\/h2>\n\n<div class=\"wp-block-columns are-vertically-aligned-center is-layout-flex wp-container-core-columns-is-layout-9d6595d7 wp-block-columns-is-layout-flex\">\n<div class=\"wp-block-column is-vertically-aligned-center is-layout-flow wp-block-column-is-layout-flow\">\n<p>Al final del tratamiento activo, la fase de retenci\u00f3n sirve para mantener los dientes en su nueva posici\u00f3n y evitar cualquier recidiva.<\/p>\n\n\n\n<h3 class=\"wp-block-heading\">M\u00e9todos de sujeci\u00f3n<\/h3>\n\n\n\n<ul class=\"wp-block-list\">\n<li>Alambre de retenci\u00f3n adherido: se coloca en el interior de los dientes para proporcionar una estabilizaci\u00f3n permanente.<\/li>\n\n\n\n<li>Canalones de retenci\u00f3n desmontables: se usan principalmente por la noche y ayudan a mantener la alineaci\u00f3n.<\/li>\n\n\n\n<li>Placas de retenci\u00f3n: se utilizan en algunos casos espec\u00edficos.<\/li>\n<\/ul>\n<\/div>\n\n\n\n<div class=\"wp-block-column is-vertically-aligned-center is-layout-flow wp-block-column-is-layout-flow\">\n<figure class=\"wp-block-image size-full\"><img loading=\"lazy\" decoding=\"async\" width=\"900\" height=\"560\" src=\"https:\/\/parisortho.fr\/wp-content\/uploads\/2025\/01\/phase-contention-orthodontiste-paris-17.webp\" alt=\"\" class=\"wp-image-1317\" srcset=\"https:\/\/parisortho.fr\/wp-content\/uploads\/2025\/01\/phase-contention-orthodontiste-paris-17.webp 900w, https:\/\/parisortho.fr\/wp-content\/uploads\/2025\/01\/phase-contention-orthodontiste-paris-17-300x187.webp 300w, https:\/\/parisortho.fr\/wp-content\/uploads\/2025\/01\/phase-contention-orthodontiste-paris-17-768x478.webp 768w\" sizes=\"auto, (max-width: 900px) 100vw, 900px\" \/><\/figure>\n<\/div>\n<\/div>\n\n<h3 class=\"wp-block-heading\">Duraci\u00f3n de la inmovilizaci\u00f3n<\/h3>\n\n<ul class=\"wp-block-list\">\n<li>La sujeci\u00f3n debe llevarse a largo plazo, a veces de por vida, para garantizar la estabilidad.<\/li>\n\n\n\n<li>Las revisiones peri\u00f3dicas (cada 6 meses a 1 a\u00f1o) garantizan el mantenimiento de los resultados.<\/li>\n<\/ul>\n\n<h2 class=\"wp-block-heading\">Seguimiento postratamiento: control a largo plazo<\/h2>\n\n<p>Incluso despu\u00e9s de la fase de contenci\u00f3n, se recomiendan consultas ocasionales para evitar cualquier recidiva.<\/p>\n\n<ul class=\"wp-block-list\">\n<li>Revisiones peri\u00f3dicas de ortodoncia para garantizar la estabilidad.<\/li>\n\n\n\n<li>Seguimiento del crecimiento en ni\u00f1os y adolescentes.<\/li>\n\n\n\n<li>Ajuste o sustituci\u00f3n de los dispositivos de retenci\u00f3n si es necesario.<\/li>\n<\/ul>\n\n<p>El tratamiento ortod\u00f3ncico es un proceso estructurado que requiere rigor y compromiso por parte del paciente. Desde la consulta inicial hasta la retenci\u00f3n, cada etapa desempe\u00f1a un papel clave en el \u00e9xito del tratamiento. Un seguimiento cuidadoso y una buena higiene bucal son esenciales para garantizar resultados duraderos y una sonrisa armoniosa.  <\/p>\n","protected":false},"excerpt":{"rendered":"<p>El tratamiento ortod\u00f3ncico sigue un proceso estructurado en varias fases, dise\u00f1ado para corregir la alineaci\u00f3n de los dientes y la oclusi\u00f3n. Comienza con una evaluaci\u00f3n exhaustiva y termina con una fase de retenci\u00f3n para estabilizar los resultados. A continuaci\u00f3n se detallan las fases del tratamiento de ortodoncia. Consulta inicial: evaluaci\u00f3n y diagn\u00f3stico iniciales Esta primera<\/p>\n","protected":false},"author":1,"featured_media":1254,"parent":0,"menu_order":0,"comment_status":"closed","ping_status":"closed","template":"","meta":{"_acf_changed":false,"footnotes":""},"class_list":["post-1351","page","type-page","status-publish","has-post-thumbnail","hentry"],"acf":[],"yoast_head":"<!-- This site is optimized with the Yoast SEO plugin v24.4 - https:\/\/yoast.com\/wordpress\/plugins\/seo\/ -->\n<title>Itinerario asistencial | Dr Bendahan | Ortodoncista Par\u00eds 17<\/title>\n<meta name=\"description\" content=\"El tratamiento ortod\u00f3ncico sigue un proceso estructurado en varias fases, dise\u00f1ado para corregir la alineaci\u00f3n y la oclusi\u00f3n de los dientes.\" \/>\n<meta name=\"robots\" content=\"index, follow, max-snippet:-1, max-image-preview:large, max-video-preview:-1\" \/>\n<link rel=\"canonical\" href=\"https:\/\/parisortho.fr\/es\/via-asistencial\/\" \/>\n<meta property=\"og:locale\" content=\"es_ES\" \/>\n<meta property=\"og:type\" content=\"article\" \/>\n<meta property=\"og:title\" content=\"Itinerario asistencial | Dr Bendahan | Ortodoncista Par\u00eds 17\" \/>\n<meta property=\"og:description\" content=\"El tratamiento ortod\u00f3ncico sigue un proceso estructurado en varias fases, dise\u00f1ado para corregir la alineaci\u00f3n y la oclusi\u00f3n de los dientes.\" \/>\n<meta property=\"og:url\" content=\"https:\/\/parisortho.fr\/es\/via-asistencial\/\" \/>\n<meta property=\"og:site_name\" content=\"Dr Bendahan | Orthodontiste Paris 17\" \/>\n<meta property=\"article:modified_time\" content=\"2025-03-18T20:07:41+00:00\" \/>\n<meta property=\"og:image\" content=\"https:\/\/parisortho.fr\/wp-content\/uploads\/2025\/01\/orthodontiste-paris-17-chirurgie.webp\" \/>\n\t<meta property=\"og:image:width\" content=\"900\" \/>\n\t<meta property=\"og:image:height\" content=\"560\" \/>\n\t<meta property=\"og:image:type\" content=\"image\/webp\" \/>\n<meta name=\"twitter:card\" content=\"summary_large_image\" \/>\n<meta name=\"twitter:label1\" content=\"Tiempo de lectura\" \/>\n\t<meta name=\"twitter:data1\" content=\"5 minutos\" \/>\n<script type=\"application\/ld+json\" class=\"yoast-schema-graph\">{\"@context\":\"https:\/\/schema.org\",\"@graph\":[{\"@type\":\"WebPage\",\"@id\":\"https:\/\/parisortho.fr\/es\/via-asistencial\/\",\"url\":\"https:\/\/parisortho.fr\/es\/via-asistencial\/\",\"name\":\"Itinerario asistencial | Dr Bendahan | Ortodoncista Par\u00eds 17\",\"isPartOf\":{\"@id\":\"https:\/\/parisortho.fr\/es\/#website\"},\"primaryImageOfPage\":{\"@id\":\"https:\/\/parisortho.fr\/es\/via-asistencial\/#primaryimage\"},\"image\":{\"@id\":\"https:\/\/parisortho.fr\/es\/via-asistencial\/#primaryimage\"},\"thumbnailUrl\":\"https:\/\/parisortho.fr\/wp-content\/uploads\/2025\/01\/orthodontiste-paris-17-chirurgie.webp\",\"datePublished\":\"2025-01-31T07:38:57+00:00\",\"dateModified\":\"2025-03-18T20:07:41+00:00\",\"description\":\"El tratamiento ortod\u00f3ncico sigue un proceso estructurado en varias fases, dise\u00f1ado para corregir la alineaci\u00f3n y la oclusi\u00f3n de los dientes.\",\"breadcrumb\":{\"@id\":\"https:\/\/parisortho.fr\/es\/via-asistencial\/#breadcrumb\"},\"inLanguage\":\"es\",\"potentialAction\":[{\"@type\":\"ReadAction\",\"target\":[\"https:\/\/parisortho.fr\/es\/via-asistencial\/\"]}]},{\"@type\":\"ImageObject\",\"inLanguage\":\"es\",\"@id\":\"https:\/\/parisortho.fr\/es\/via-asistencial\/#primaryimage\",\"url\":\"https:\/\/parisortho.fr\/wp-content\/uploads\/2025\/01\/orthodontiste-paris-17-chirurgie.webp\",\"contentUrl\":\"https:\/\/parisortho.fr\/wp-content\/uploads\/2025\/01\/orthodontiste-paris-17-chirurgie.webp\",\"width\":900,\"height\":560},{\"@type\":\"BreadcrumbList\",\"@id\":\"https:\/\/parisortho.fr\/es\/via-asistencial\/#breadcrumb\",\"itemListElement\":[{\"@type\":\"ListItem\",\"position\":1,\"name\":\"Home\",\"item\":\"https:\/\/parisortho.fr\/es\/\"},{\"@type\":\"ListItem\",\"position\":2,\"name\":\"V\u00eda asistencial\"}]},{\"@type\":\"WebSite\",\"@id\":\"https:\/\/parisortho.fr\/es\/#website\",\"url\":\"https:\/\/parisortho.fr\/es\/\",\"name\":\"Dr Bendahan | Orthodontiste Paris 17\",\"description\":\"Cabinet d\u2019orthodontie du Dr Gabriel Bendahan Orthodontiste \u00e0 Paris 17\",\"potentialAction\":[{\"@type\":\"SearchAction\",\"target\":{\"@type\":\"EntryPoint\",\"urlTemplate\":\"https:\/\/parisortho.fr\/es\/?s={search_term_string}\"},\"query-input\":{\"@type\":\"PropertyValueSpecification\",\"valueRequired\":true,\"valueName\":\"search_term_string\"}}],\"inLanguage\":\"es\"}]}<\/script>\n<!-- \/ Yoast SEO plugin. -->","yoast_head_json":{"title":"Itinerario asistencial | Dr Bendahan | Ortodoncista Par\u00eds 17","description":"El tratamiento ortod\u00f3ncico sigue un proceso estructurado en varias fases, dise\u00f1ado para corregir la alineaci\u00f3n y la oclusi\u00f3n de los dientes.","robots":{"index":"index","follow":"follow","max-snippet":"max-snippet:-1","max-image-preview":"max-image-preview:large","max-video-preview":"max-video-preview:-1"},"canonical":"https:\/\/parisortho.fr\/es\/via-asistencial\/","og_locale":"es_ES","og_type":"article","og_title":"Itinerario asistencial | Dr Bendahan | Ortodoncista Par\u00eds 17","og_description":"El tratamiento ortod\u00f3ncico sigue un proceso estructurado en varias fases, dise\u00f1ado para corregir la alineaci\u00f3n y la oclusi\u00f3n de los dientes.","og_url":"https:\/\/parisortho.fr\/es\/via-asistencial\/","og_site_name":"Dr Bendahan | Orthodontiste Paris 17","article_modified_time":"2025-03-18T20:07:41+00:00","og_image":[{"width":900,"height":560,"url":"https:\/\/parisortho.fr\/wp-content\/uploads\/2025\/01\/orthodontiste-paris-17-chirurgie.webp","type":"image\/webp"}],"twitter_card":"summary_large_image","twitter_misc":{"Tiempo de lectura":"5 minutos"},"schema":{"@context":"https:\/\/schema.org","@graph":[{"@type":"WebPage","@id":"https:\/\/parisortho.fr\/es\/via-asistencial\/","url":"https:\/\/parisortho.fr\/es\/via-asistencial\/","name":"Itinerario asistencial | Dr Bendahan | Ortodoncista Par\u00eds 17","isPartOf":{"@id":"https:\/\/parisortho.fr\/es\/#website"},"primaryImageOfPage":{"@id":"https:\/\/parisortho.fr\/es\/via-asistencial\/#primaryimage"},"image":{"@id":"https:\/\/parisortho.fr\/es\/via-asistencial\/#primaryimage"},"thumbnailUrl":"https:\/\/parisortho.fr\/wp-content\/uploads\/2025\/01\/orthodontiste-paris-17-chirurgie.webp","datePublished":"2025-01-31T07:38:57+00:00","dateModified":"2025-03-18T20:07:41+00:00","description":"El tratamiento ortod\u00f3ncico sigue un proceso estructurado en varias fases, dise\u00f1ado para corregir la alineaci\u00f3n y la oclusi\u00f3n de los dientes.","breadcrumb":{"@id":"https:\/\/parisortho.fr\/es\/via-asistencial\/#breadcrumb"},"inLanguage":"es","potentialAction":[{"@type":"ReadAction","target":["https:\/\/parisortho.fr\/es\/via-asistencial\/"]}]},{"@type":"ImageObject","inLanguage":"es","@id":"https:\/\/parisortho.fr\/es\/via-asistencial\/#primaryimage","url":"https:\/\/parisortho.fr\/wp-content\/uploads\/2025\/01\/orthodontiste-paris-17-chirurgie.webp","contentUrl":"https:\/\/parisortho.fr\/wp-content\/uploads\/2025\/01\/orthodontiste-paris-17-chirurgie.webp","width":900,"height":560},{"@type":"BreadcrumbList","@id":"https:\/\/parisortho.fr\/es\/via-asistencial\/#breadcrumb","itemListElement":[{"@type":"ListItem","position":1,"name":"Home","item":"https:\/\/parisortho.fr\/es\/"},{"@type":"ListItem","position":2,"name":"V\u00eda asistencial"}]},{"@type":"WebSite","@id":"https:\/\/parisortho.fr\/es\/#website","url":"https:\/\/parisortho.fr\/es\/","name":"Dr Bendahan | Orthodontiste Paris 17","description":"Cabinet d\u2019orthodontie du Dr Gabriel Bendahan Orthodontiste \u00e0 Paris 17","potentialAction":[{"@type":"SearchAction","target":{"@type":"EntryPoint","urlTemplate":"https:\/\/parisortho.fr\/es\/?s={search_term_string}"},"query-input":{"@type":"PropertyValueSpecification","valueRequired":true,"valueName":"search_term_string"}}],"inLanguage":"es"}]}},"_links":{"self":[{"href":"https:\/\/parisortho.fr\/es\/wp-json\/wp\/v2\/pages\/1351","targetHints":{"allow":["GET"]}}],"collection":[{"href":"https:\/\/parisortho.fr\/es\/wp-json\/wp\/v2\/pages"}],"about":[{"href":"https:\/\/parisortho.fr\/es\/wp-json\/wp\/v2\/types\/page"}],"author":[{"embeddable":true,"href":"https:\/\/parisortho.fr\/es\/wp-json\/wp\/v2\/users\/1"}],"replies":[{"embeddable":true,"href":"https:\/\/parisortho.fr\/es\/wp-json\/wp\/v2\/comments?post=1351"}],"version-history":[{"count":2,"href":"https:\/\/parisortho.fr\/es\/wp-json\/wp\/v2\/pages\/1351\/revisions"}],"predecessor-version":[{"id":1390,"href":"https:\/\/parisortho.fr\/es\/wp-json\/wp\/v2\/pages\/1351\/revisions\/1390"}],"wp:featuredmedia":[{"embeddable":true,"href":"https:\/\/parisortho.fr\/es\/wp-json\/wp\/v2\/media\/1254"}],"wp:attachment":[{"href":"https:\/\/parisortho.fr\/es\/wp-json\/wp\/v2\/media?parent=1351"}],"curies":[{"name":"wp","href":"https:\/\/api.w.org\/{rel}","templated":true}]}}